{"id":40,"date":"2023-01-29T15:40:49","date_gmt":"2023-01-29T14:40:49","guid":{"rendered":"http:\/\/emmaherbe.com\/?page_id=40"},"modified":"2023-05-12T12:39:03","modified_gmt":"2023-05-12T16:39:03","slug":"newsletter","status":"publish","type":"page","link":"https:\/\/emmaherbe.com\/index.php\/newsletter\/","title":{"rendered":"Newsletter"},"content":{"rendered":"\n<p class=\"has-medium-font-size\" style=\"margin-top:var(--wp--preset--spacing--20);margin-right:var(--wp--preset--spacing--20);margin-bottom:var(--wp--preset--spacing--20);margin-left:var(--wp--preset--spacing--20)\">Si tu souhaites \u00eatre inform\u00e9.e de la parution de mes romans, d\u00e9couvrir des informations en avant-premi\u00e8re et recevoir une nouvelle exclusive chaque mois, tu es au bon endroit !<\/p>\n\n\n                    <script type=\"text\/javascript\">\n                        var onloadSibCallback = function () {\n                            jQuery('.g-recaptcha').each(function (index, el) {\n                                grecaptcha.render(el, {\n                                    'sitekey': jQuery(el).attr('data-sitekey')\n                                });\n                            });\n                        };\n                    <\/script>\n\t\t\t\t\t                <script src=\"https:\/\/www.google.com\/recaptcha\/api.js?onload=onloadSibCallback&render=explicit\" async defer><\/script>\n\t\t\t\t\n\t\t\t<form id=\"sib_signup_form_2\" method=\"post\" class=\"sib_signup_form\">\n\t\t\t\t<div class=\"sib_loader\" style=\"display:none;\"><img\n\t\t\t\t\t\t\tsrc=\"https:\/\/emmaherbe.com\/wp-includes\/images\/spinner.gif\" alt=\"loader\"><\/div>\n\t\t\t\t<input type=\"hidden\" name=\"sib_form_action\" value=\"subscribe_form_submit\">\n\t\t\t\t<input type=\"hidden\" name=\"sib_form_id\" value=\"2\">\n                <input type=\"hidden\" name=\"sib_form_alert_notice\" value=\"N&#039;oublie pas de remplir ce champ ;)\">\n                <input type=\"hidden\" name=\"sib_form_invalid_email_notice\" value=\"Ton adresse email n&#039;est pas valide :(\">\n                <input type=\"hidden\" name=\"sib_security\" value=\"fedf2c0f30\">\n\t\t\t\t<div class=\"sib_signup_box_inside_2\">\n\t\t\t\t\t<div style=\"\/*display:none*\/\" class=\"sib_msg_disp\">\n\t\t\t\t\t<\/div>\n                    \t\t\t\t\t<div id=\"sib_captcha\" class=\"g-recaptcha\" data-sitekey=\"6LfaxBElAAAAAH01PE1CF60jYqW39OrNO5ILsuPg\"><\/div>\r\n<p class=\"sib-email-area\">\r\n    Email\r\n    <input type=\"email\" class=\"sib-email-area\" name=\"email\" required=\"required\">\r\n<\/p>\r\n<p class=\"sib-NAME-area\">\r\n    Pr\u00e9nom\r\n    <input type=\"text\" class=\"sib-NAME-area\" name=\"NAME\">\r\n<\/p>\r\n<p>\r\n    <input type=\"submit\" class=\"sib-default-btn\" value=\"Je m'inscris\">\r\n<\/p>\r\n\t\t\t\t<\/div>\n\t\t\t<\/form>\n\t\t\t<style>\n\t\t\t\tform#sib_signup_form_2 { padding: 5px; -moz-box-sizing:border-box; -webkit-box-sizing: border-box; box-sizing: border-box; } form#sib_signup_form_2 input[type=text],form#sib_signup_form_2 input[type=email], form#sib_signup_form_2 select { width: 100%; border: 1px solid #bbb; height: auto; margin: 5px 0 0 0; } form#sib_signup_form_2 .sib-default-btn { margin: 5px 0; padding: 6px 12px; color:#fff; background-color: #333; border-color: #2E2E2E; font-size: 14px; font-weight:400; line-height: 1.4285; text-align: center; cursor: pointer; vertical-align: middle; -webkit-user-select:none; -moz-user-select:none; -ms-user-select:none; user-select:none; white-space: normal; border:1px solid transparent; border-radius: 3px; } form#sib_signup_form_2 .sib-default-btn:hover { background-color: #444; } form#sib_signup_form_2 p{ margin: 10px 0 0 0; }form#sib_signup_form_2 p.sib-alert-message {\n    padding: 6px 12px;\n    margin-bottom: 20px;\n    border: 1px solid transparent;\n    border-radius: 4px;\n    -webkit-box-sizing: border-box;\n    -moz-box-sizing: border-box;\n    box-sizing: border-box;\n}\nform#sib_signup_form_2 p.sib-alert-message-error {\n    background-color: #f2dede;\n    border-color: #ebccd1;\n    color: #a94442;\n}\nform#sib_signup_form_2 p.sib-alert-message-success {\n    background-color: #dff0d8;\n    border-color: #d6e9c6;\n    color: #3c763d;\n}\nform#sib_signup_form_2 p.sib-alert-message-warning {\n    background-color: #fcf8e3;\n    border-color: #faebcc;\n    color: #8a6d3b;\n}\n\t\t\t<\/style>\n\t\t\t\n","protected":false},"excerpt":{"rendered":"<p>Si tu souhaites \u00eatre inform\u00e9.e de la parution de mes romans, d\u00e9couvrir des informations en avant-premi\u00e8re et recevoir une nouvelle exclusive chaque mois, tu es au bon endroit !<\/p>\n","protected":false},"author":1,"featured_media":0,"parent":0,"menu_order":0,"comment_status":"closed","ping_status":"closed","template":"","meta":{"site-sidebar-layout":"default","site-content-layout":"","ast-site-content-layout":"default","site-content-style":"default","site-sidebar-style":"default","ast-global-header-display":"","ast-banner-title-visibility":"","ast-main-header-display":"","ast-hfb-above-header-display":"","ast-hfb-below-header-display":"","ast-hfb-mobile-header-display":"","site-post-title":"","ast-breadcrumbs-content":"","ast-featured-img":"","footer-sml-layout":"","theme-transparent-header-meta":"","adv-header-id-meta":"","stick-header-meta":"","header-above-stick-meta":"","header-main-stick-meta":"","header-below-stick-meta":"","astra-migrate-meta-layouts":"default","ast-page-background-enabled":"default","ast-page-background-meta":{"desktop":{"background-color":"var(--ast-global-color-4)","background-image":"","background-repeat":"repeat","background-position":"center center","background-size":"auto","background-attachment":"scroll","background-type":"","background-media":"","overlay-type":"","overlay-color":"","overlay-opacity":"","overlay-gradient":""},"tablet":{"background-color":"","background-image":"","background-repeat":"repeat","background-position":"center center","background-size":"auto","background-attachment":"scroll","background-type":"","background-media":"","overlay-type":"","overlay-color":"","overlay-opacity":"","overlay-gradient":""},"mobile":{"background-color":"","background-image":"","background-repeat":"repeat","background-position":"center center","background-size":"auto","background-attachment":"scroll","background-type":"","background-media":"","overlay-type":"","overlay-color":"","overlay-opacity":"","overlay-gradient":""}},"ast-content-background-meta":{"desktop":{"background-color":"var(--ast-global-color-5)","background-image":"","background-repeat":"repeat","background-position":"center center","background-size":"auto","background-attachment":"scroll","background-type":"","background-media":"","overlay-type":"","overlay-color":"","overlay-opacity":"","overlay-gradient":""},"tablet":{"background-color":"var(--ast-global-color-5)","background-image":"","background-repeat":"repeat","background-position":"center center","background-size":"auto","background-attachment":"scroll","background-type":"","background-media":"","overlay-type":"","overlay-color":"","overlay-opacity":"","overlay-gradient":""},"mobile":{"background-color":"var(--ast-global-color-5)","background-image":"","background-repeat":"repeat","background-position":"center center","background-size":"auto","background-attachment":"scroll","background-type":"","background-media":"","overlay-type":"","overlay-color":"","overlay-opacity":"","overlay-gradient":""}},"footnotes":""},"class_list":["post-40","page","type-page","status-publish","hentry"],"_links":{"self":[{"href":"https:\/\/emmaherbe.com\/index.php\/wp-json\/wp\/v2\/pages\/40","targetHints":{"allow":["GET"]}}],"collection":[{"href":"https:\/\/emmaherbe.com\/index.php\/wp-json\/wp\/v2\/pages"}],"about":[{"href":"https:\/\/emmaherbe.com\/index.php\/wp-json\/wp\/v2\/types\/page"}],"author":[{"embeddable":true,"href":"https:\/\/emmaherbe.com\/index.php\/wp-json\/wp\/v2\/users\/1"}],"replies":[{"embeddable":true,"href":"https:\/\/emmaherbe.com\/index.php\/wp-json\/wp\/v2\/comments?post=40"}],"version-history":[{"count":7,"href":"https:\/\/emmaherbe.com\/index.php\/wp-json\/wp\/v2\/pages\/40\/revisions"}],"predecessor-version":[{"id":261,"href":"https:\/\/emmaherbe.com\/index.php\/wp-json\/wp\/v2\/pages\/40\/revisions\/261"}],"wp:attachment":[{"href":"https:\/\/emmaherbe.com\/index.php\/wp-json\/wp\/v2\/media?parent=40"}],"curies":[{"name":"wp","href":"https:\/\/api.w.org\/{rel}","templated":true}]}}