{"id":42,"date":"2023-01-29T15:45:02","date_gmt":"2023-01-29T14:45:02","guid":{"rendered":"http:\/\/emmaherbe.com\/?page_id=42"},"modified":"2023-04-13T19:34:08","modified_gmt":"2023-04-13T17:34:08","slug":"qui-suis-je","status":"publish","type":"page","link":"https:\/\/emmaherbe.com\/index.php\/qui-suis-je\/","title":{"rendered":"Qui suis-je ?"},"content":{"rendered":"\n<div class=\"wp-block-columns is-layout-flex wp-container-core-columns-is-layout-28f84493 wp-block-columns-is-layout-flex\">\n<div class=\"wp-block-column is-layout-flow wp-block-column-is-layout-flow\">\n<figure class=\"wp-block-image size-large is-resized\"><img loading=\"lazy\" decoding=\"async\" src=\"https:\/\/emmaherbe.com\/wp-content\/uploads\/2023\/01\/IMG_20211228_152607-2-745x1024.jpg\" alt=\"\" class=\"wp-image-44\" width=\"559\" height=\"768\" srcset=\"https:\/\/emmaherbe.com\/wp-content\/uploads\/2023\/01\/IMG_20211228_152607-2-745x1024.jpg 745w, https:\/\/emmaherbe.com\/wp-content\/uploads\/2023\/01\/IMG_20211228_152607-2-218x300.jpg 218w, https:\/\/emmaherbe.com\/wp-content\/uploads\/2023\/01\/IMG_20211228_152607-2-768x1056.jpg 768w, https:\/\/emmaherbe.com\/wp-content\/uploads\/2023\/01\/IMG_20211228_152607-2-1117x1536.jpg 1117w, https:\/\/emmaherbe.com\/wp-content\/uploads\/2023\/01\/IMG_20211228_152607-2-1489x2048.jpg 1489w, https:\/\/emmaherbe.com\/wp-content\/uploads\/2023\/01\/IMG_20211228_152607-2-scaled.jpg 1862w\" sizes=\"auto, (max-width: 559px) 100vw, 559px\" \/><\/figure>\n<\/div>\n\n\n\n<div class=\"wp-block-column is-layout-flow wp-block-column-is-layout-flow\">\n<p class=\"has-medium-font-size\" style=\"margin-top:var(--wp--preset--spacing--30);margin-right:var(--wp--preset--spacing--30);margin-bottom:var(--wp--preset--spacing--30);margin-left:var(--wp--preset--spacing--30)\">Je m\u2019appelle Emma, et j\u2019\u00e9cris depuis l\u2019adolescence, mais toujours en secret. En 2022, je suis enfin sortie du placard litt\u00e9raire en publiant mon premier roman, <em>M\u00e8re<\/em>, le tome 1 de ma trilogie dystopique <em>L\u2019Autre<\/em>. J\u2019ai depuis publi\u00e9 <em>d\u00e9sillusions<\/em>, un roman choral queer et <em>Rebelle <\/em>(<em>L\u2019Autre, tome 2<\/em>).<\/p>\n\n\n\n<p class=\"has-medium-font-size\" style=\"margin-top:var(--wp--preset--spacing--30);margin-right:var(--wp--preset--spacing--30);margin-bottom:var(--wp--preset--spacing--30);margin-left:var(--wp--preset--spacing--30)\">J\u2019ai choisi de publier mes livres en auto-\u00e9dition, car cela me permet une totale libert\u00e9 \u00e0 tous les niveaux du processus cr\u00e9atif.<\/p>\n\n\n\n<p class=\"has-medium-font-size\" style=\"margin-top:var(--wp--preset--spacing--30);margin-right:var(--wp--preset--spacing--30);margin-bottom:var(--wp--preset--spacing--30);margin-left:var(--wp--preset--spacing--30)\"><strong><em>infos en vrac <\/em>:<\/strong> je lis de tout ; j\u2019aime la randonn\u00e9e et le camping (j\u2019ai march\u00e9 1400km sur les chemins de Compostelle en bivouac en 2021) ; j\u2019ai v\u00e9cu dans 6 pays jusqu\u2019\u00e0 maintenant ; je mange v\u00e9gan depuis plus de 13 ans ; je suis franco-allemande et je n\u2019ai aucune r\u00e9f\u00e9rence d\u2019\u00e9mission de jeunesse fran\u00e7aise parce que j\u2019ai grandi en regardant Kika (la cha\u00eene pour enfants du service public allemand).<\/p>\n\n\n\n<p class=\"has-medium-font-size\" style=\"margin-top:var(--wp--preset--spacing--30);margin-right:var(--wp--preset--spacing--30);margin-bottom:var(--wp--preset--spacing--30);margin-left:var(--wp--preset--spacing--30)\">Si tu veux suivre mon quotidien d\u2019autrice, viens me rejoindre sur les r\u00e9seaux sociaux !<\/p>\n\n\n\n<div class=\"wp-block-buttons is-content-justification-center is-layout-flex wp-container-core-buttons-is-layout-a89b3969 wp-block-buttons-is-layout-flex\">\n<div class=\"wp-block-button has-custom-width wp-block-button__width-50\"><a class=\"wp-block-button__link wp-element-button\" href=\"https:\/\/www.instagram.com\/humaine.en.herbe\/\" target=\"_blank\" rel=\"noreferrer noopener\">Instagram<\/a><\/div>\n\n\n\n<div class=\"wp-block-button has-custom-width wp-block-button__width-50\"><a class=\"wp-block-button__link wp-element-button\" href=\"https:\/\/www.facebook.com\/profile.php?id=100077681355976\" target=\"_blank\" rel=\"noreferrer noopener\">Facebook<\/a><\/div>\n<\/div>\n<\/div>\n<\/div>\n","protected":false},"excerpt":{"rendered":"<p>Je m\u2019appelle Emma, et j\u2019\u00e9cris depuis l\u2019adolescence, mais toujours en secret. En 2022, je suis enfin sortie du placard litt\u00e9raire en publiant mon premier roman, M\u00e8re, le tome 1 de ma trilogie dystopique L\u2019Autre. J\u2019ai depuis publi\u00e9 d\u00e9sillusions, un roman choral queer et Rebelle (L\u2019Autre, tome 2). J\u2019ai choisi de publier mes livres en auto-\u00e9dition, [&hellip;]<\/p>\n","protected":false},"author":1,"featured_media":0,"parent":0,"menu_order":0,"comment_status":"closed","ping_status":"closed","template":"","meta":{"site-sidebar-layout":"default","site-content-layout":"","ast-site-content-layout":"default","site-content-style":"default","site-sidebar-style":"default","ast-global-header-display":"","ast-banner-title-visibility":"","ast-main-header-display":"","ast-hfb-above-header-display":"","ast-hfb-below-header-display":"","ast-hfb-mobile-header-display":"","site-post-title":"","ast-breadcrumbs-content":"","ast-featured-img":"","footer-sml-layout":"","theme-transparent-header-meta":"","adv-header-id-meta":"","stick-header-meta":"","header-above-stick-meta":"","header-main-stick-meta":"","header-below-stick-meta":"","astra-migrate-meta-layouts":"default","ast-page-background-enabled":"default","ast-page-background-meta":{"desktop":{"background-color":"var(--ast-global-color-4)","background-image":"","background-repeat":"repeat","background-position":"center center","background-size":"auto","background-attachment":"scroll","background-type":"","background-media":"","overlay-type":"","overlay-color":"","overlay-opacity":"","overlay-gradient":""},"tablet":{"background-color":"","background-image":"","background-repeat":"repeat","background-position":"center center","background-size":"auto","background-attachment":"scroll","background-type":"","background-media":"","overlay-type":"","overlay-color":"","overlay-opacity":"","overlay-gradient":""},"mobile":{"background-color":"","background-image":"","background-repeat":"repeat","background-position":"center center","background-size":"auto","background-attachment":"scroll","background-type":"","background-media":"","overlay-type":"","overlay-color":"","overlay-opacity":"","overlay-gradient":""}},"ast-content-background-meta":{"desktop":{"background-color":"var(--ast-global-color-5)","background-image":"","background-repeat":"repeat","background-position":"center center","background-size":"auto","background-attachment":"scroll","background-type":"","background-media":"","overlay-type":"","overlay-color":"","overlay-opacity":"","overlay-gradient":""},"tablet":{"background-color":"var(--ast-global-color-5)","background-image":"","background-repeat":"repeat","background-position":"center center","background-size":"auto","background-attachment":"scroll","background-type":"","background-media":"","overlay-type":"","overlay-color":"","overlay-opacity":"","overlay-gradient":""},"mobile":{"background-color":"var(--ast-global-color-5)","background-image":"","background-repeat":"repeat","background-position":"center center","background-size":"auto","background-attachment":"scroll","background-type":"","background-media":"","overlay-type":"","overlay-color":"","overlay-opacity":"","overlay-gradient":""}},"footnotes":""},"class_list":["post-42","page","type-page","status-publish","hentry"],"_links":{"self":[{"href":"https:\/\/emmaherbe.com\/index.php\/wp-json\/wp\/v2\/pages\/42","targetHints":{"allow":["GET"]}}],"collection":[{"href":"https:\/\/emmaherbe.com\/index.php\/wp-json\/wp\/v2\/pages"}],"about":[{"href":"https:\/\/emmaherbe.com\/index.php\/wp-json\/wp\/v2\/types\/page"}],"author":[{"embeddable":true,"href":"https:\/\/emmaherbe.com\/index.php\/wp-json\/wp\/v2\/users\/1"}],"replies":[{"embeddable":true,"href":"https:\/\/emmaherbe.com\/index.php\/wp-json\/wp\/v2\/comments?post=42"}],"version-history":[{"count":9,"href":"https:\/\/emmaherbe.com\/index.php\/wp-json\/wp\/v2\/pages\/42\/revisions"}],"predecessor-version":[{"id":203,"href":"https:\/\/emmaherbe.com\/index.php\/wp-json\/wp\/v2\/pages\/42\/revisions\/203"}],"wp:attachment":[{"href":"https:\/\/emmaherbe.com\/index.php\/wp-json\/wp\/v2\/media?parent=42"}],"curies":[{"name":"wp","href":"https:\/\/api.w.org\/{rel}","templated":true}]}}