{"id":48,"date":"2023-01-29T15:40:39","date_gmt":"2023-01-29T14:40:39","guid":{"rendered":"http:\/\/emmaherbe.com\/?page_id=48"},"modified":"2024-04-28T20:22:18","modified_gmt":"2024-04-29T00:22:18","slug":"mes-livres","status":"publish","type":"page","link":"https:\/\/emmaherbe.com\/index.php\/mes-livres\/","title":{"rendered":"Mes livres \/ My books"},"content":{"rendered":"\n<div class=\"wp-block-columns is-layout-flex wp-container-core-columns-is-layout-28f84493 wp-block-columns-is-layout-flex\">\n<div class=\"wp-block-column is-layout-flow wp-block-column-is-layout-flow\">\n<figure class=\"wp-block-image aligncenter size-large is-resized\"><img loading=\"lazy\" decoding=\"async\" src=\"https:\/\/emmaherbe.com\/wp-content\/uploads\/2023\/10\/every-year-ebook-640x1024.png\" alt=\"\" class=\"wp-image-328\" width=\"480\" height=\"768\" srcset=\"https:\/\/emmaherbe.com\/wp-content\/uploads\/2023\/10\/every-year-ebook-640x1024.png 640w, https:\/\/emmaherbe.com\/wp-content\/uploads\/2023\/10\/every-year-ebook-188x300.png 188w, https:\/\/emmaherbe.com\/wp-content\/uploads\/2023\/10\/every-year-ebook-768x1229.png 768w, https:\/\/emmaherbe.com\/wp-content\/uploads\/2023\/10\/every-year-ebook-960x1536.png 960w, https:\/\/emmaherbe.com\/wp-content\/uploads\/2023\/10\/every-year-ebook-1280x2048.png 1280w, https:\/\/emmaherbe.com\/wp-content\/uploads\/2023\/10\/every-year-ebook.png 1600w\" sizes=\"auto, (max-width: 480px) 100vw, 480px\" \/><\/figure>\n<\/div>\n\n\n\n<div class=\"wp-block-column is-layout-flow wp-block-column-is-layout-flow\">\n<h2 class=\"has-text-align-center has-large-font-size wp-block-heading\">Every Year<\/h2>\n\n\n\n<h2 class=\"has-text-align-center has-medium-font-size wp-block-heading\"><em>[novella] EN<\/em><\/h2>\n\n\n\n<p class=\"has-medium-font-size\" style=\"margin-top:var(--wp--preset--spacing--30);margin-right:var(--wp--preset--spacing--30);margin-bottom:var(--wp--preset--spacing--30);margin-left:var(--wp--preset--spacing--30)\"><strong>Every year, a group of friends gathers to celebrate Thanksgiving. <\/strong><\/p>\n\n\n\n<p class=\"has-medium-font-size\" style=\"margin-top:var(--wp--preset--spacing--30);margin-right:var(--wp--preset--spacing--30);margin-bottom:var(--wp--preset--spacing--30);margin-left:var(--wp--preset--spacing--30)\">Frost covers the leaves, the smell of pumpkin pie fills the kitchen, and the friends settle in for a good time. <\/p>\n\n\n\n<p class=\"has-medium-font-size\" style=\"margin-top:var(--wp--preset--spacing--30);margin-right:var(--wp--preset--spacing--30);margin-bottom:var(--wp--preset--spacing--30);margin-left:var(--wp--preset--spacing--30)\"><strong>But this year, nothing goes according to plan.<\/strong> While sparks fly for the lucky ones, long-standing relationships fall apart, and two women sacrifice everything to hide their dark secret.<\/p>\n\n\n\n<p class=\"has-medium-font-size\" style=\"margin-top:var(--wp--preset--spacing--30);margin-right:var(--wp--preset--spacing--30);margin-bottom:var(--wp--preset--spacing--30);margin-left:var(--wp--preset--spacing--30)\">Only one thing is for sure: <strong>nothing will ever be the same.<\/strong><\/p>\n\n\n\n<p class=\"has-medium-font-size\" style=\"margin-top:var(--wp--preset--spacing--30);margin-right:var(--wp--preset--spacing--30);margin-bottom:var(--wp--preset--spacing--30);margin-left:var(--wp--preset--spacing--30)\"><em><strong>A queer novella inspired by Taylor Swift&rsquo;s album evermore.<\/strong><\/em><\/p>\n\n\n\n<div class=\"wp-block-columns is-layout-flex wp-container-core-columns-is-layout-28f84493 wp-block-columns-is-layout-flex\">\n<div class=\"wp-block-column is-layout-flow wp-block-column-is-layout-flow\">\n<p class=\"has-text-align-center has-medium-font-size\" style=\"margin-top:var(--wp--preset--spacing--30);margin-right:var(--wp--preset--spacing--30);margin-bottom:var(--wp--preset--spacing--30);margin-left:var(--wp--preset--spacing--30)\"><strong>Ebook<\/strong> ($CA 0.99 \/ $US 0.99 \/ 0,99\u20ac)<\/p>\n\n\n\n<div class=\"wp-block-buttons is-content-justification-center is-layout-flex wp-container-core-buttons-is-layout-a89b3969 wp-block-buttons-is-layout-flex\">\n<div class=\"wp-block-button\"><a class=\"wp-block-button__link wp-element-button\" href=\"https:\/\/www.amazon.com\/dp\/B0CKTQVJWK?ref_=pe_3052080_276849420\" target=\"_blank\" rel=\"noreferrer noopener\">Amazon<\/a><\/div>\n<\/div>\n<\/div>\n\n\n\n<div class=\"wp-block-column is-layout-flow wp-block-column-is-layout-flow\">\n<p class=\"has-text-align-center has-medium-font-size\" style=\"margin-top:var(--wp--preset--spacing--30);margin-right:var(--wp--preset--spacing--30);margin-bottom:var(--wp--preset--spacing--30);margin-left:var(--wp--preset--spacing--30)\"><strong>Paperback <\/strong>($CA 7.99 \/ $US 5.99 \/ 5,99\u20ac)<\/p>\n\n\n\n<div class=\"wp-block-buttons is-content-justification-center is-layout-flex wp-container-core-buttons-is-layout-a89b3969 wp-block-buttons-is-layout-flex\">\n<div class=\"wp-block-button\"><a class=\"wp-block-button__link wp-element-button\" href=\"\" target=\"_blank\" rel=\"noreferrer noopener\">Amazon<\/a><\/div>\n<\/div>\n<\/div>\n<\/div>\n<\/div>\n<\/div>\n\n\n\n<div class=\"wp-block-columns is-layout-flex wp-container-core-columns-is-layout-28f84493 wp-block-columns-is-layout-flex\">\n<div class=\"wp-block-column is-layout-flow wp-block-column-is-layout-flow\">\n<figure class=\"wp-block-image aligncenter size-large is-resized\"><img loading=\"lazy\" decoding=\"async\" src=\"https:\/\/emmaherbe.com\/wp-content\/uploads\/2023\/01\/couv-projet-bonbon-ebook-6-640x1024.png\" alt=\"\" class=\"wp-image-13\" width=\"480\" height=\"768\" srcset=\"https:\/\/emmaherbe.com\/wp-content\/uploads\/2023\/01\/couv-projet-bonbon-ebook-6-640x1024.png 640w, https:\/\/emmaherbe.com\/wp-content\/uploads\/2023\/01\/couv-projet-bonbon-ebook-6-188x300.png 188w, https:\/\/emmaherbe.com\/wp-content\/uploads\/2023\/01\/couv-projet-bonbon-ebook-6-768x1229.png 768w, https:\/\/emmaherbe.com\/wp-content\/uploads\/2023\/01\/couv-projet-bonbon-ebook-6-960x1536.png 960w, https:\/\/emmaherbe.com\/wp-content\/uploads\/2023\/01\/couv-projet-bonbon-ebook-6-1280x2048.png 1280w, https:\/\/emmaherbe.com\/wp-content\/uploads\/2023\/01\/couv-projet-bonbon-ebook-6.png 1600w\" sizes=\"auto, (max-width: 480px) 100vw, 480px\" \/><\/figure>\n<\/div>\n\n\n\n<div class=\"wp-block-column is-layout-flow wp-block-column-is-layout-flow\">\n<h2 class=\"has-text-align-center has-large-font-size wp-block-heading\">d\u00e9sillusions <\/h2>\n\n\n\n<h2 class=\"has-text-align-center has-medium-font-size wp-block-heading\"><em>[roman court contemporain]<\/em> FR<\/h2>\n\n\n\n<p class=\"has-medium-font-size\" style=\"margin-top:var(--wp--preset--spacing--30);margin-right:var(--wp--preset--spacing--30);margin-bottom:var(--wp--preset--spacing--30);margin-left:var(--wp--preset--spacing--30)\"><strong>Comme chaque ann\u00e9e, un groupe d\u2019ami\u00b7e\u00b7s se retrouve pour passer le week-end de Thanksgiving ensemble.<\/strong>&nbsp;<\/p>\n\n\n\n<p class=\"has-medium-font-size\" style=\"margin-top:var(--wp--preset--spacing--30);margin-right:var(--wp--preset--spacing--30);margin-bottom:var(--wp--preset--spacing--30);margin-left:var(--wp--preset--spacing--30)\">Le givre recouvre les feuilles mortes, la tarte \u00e0 la citrouille embaume la cuisine, et la petite bande s\u2019installe confortablement pour passer un bon moment. <\/p>\n\n\n\n<p class=\"has-medium-font-size\" style=\"margin-top:var(--wp--preset--spacing--30);margin-right:var(--wp--preset--spacing--30);margin-bottom:var(--wp--preset--spacing--30);margin-left:var(--wp--preset--spacing--30)\"><strong>Mais rien ne se passe comme pr\u00e9vu<\/strong>. Pendant qu\u2019une rencontre inattendue fait des \u00e9tincelles, des couples de longue date se d\u00e9chirent, et deux femmes sont pr\u00eates \u00e0 tout pour cacher un lourd secret. <\/p>\n\n\n\n<p class=\"has-medium-font-size\" style=\"margin-top:var(--wp--preset--spacing--30);margin-right:var(--wp--preset--spacing--30);margin-bottom:var(--wp--preset--spacing--30);margin-left:var(--wp--preset--spacing--30)\">C\u2019est certain&nbsp;: <strong>plus rien ne sera jamais comme avant.<\/strong><\/p>\n\n\n\n<p class=\"has-medium-font-size\" style=\"margin-top:var(--wp--preset--spacing--30);margin-right:var(--wp--preset--spacing--30);margin-bottom:var(--wp--preset--spacing--30);margin-left:var(--wp--preset--spacing--30)\"><em><strong>Roman queer en \u00e9criture inclusive, inspir\u00e9 de l\u2019album evermore, de Taylor Swift.<\/strong><\/em><\/p>\n\n\n\n<div class=\"wp-block-columns is-layout-flex wp-container-core-columns-is-layout-28f84493 wp-block-columns-is-layout-flex\">\n<div class=\"wp-block-column is-layout-flow wp-block-column-is-layout-flow\">\n<p class=\"has-text-align-center has-medium-font-size\" style=\"margin-top:var(--wp--preset--spacing--30);margin-right:var(--wp--preset--spacing--30);margin-bottom:var(--wp--preset--spacing--30);margin-left:var(--wp--preset--spacing--30)\"><strong>Livre broch\u00e9<\/strong> (4,99\u20ac \/ $CA 6.99)<\/p>\n\n\n\n<div class=\"wp-block-buttons is-content-justification-center is-layout-flex wp-container-core-buttons-is-layout-a89b3969 wp-block-buttons-is-layout-flex\">\n<div class=\"wp-block-button\"><a class=\"wp-block-button__link wp-element-button\" href=\"https:\/\/www.amazon.fr\/d%C3%A9sillusions-Thanksgiving-entre-ami-s\/dp\/295818823X\/ref=tmm_pap_swatch_0?_encoding=UTF8&amp;qid=&amp;sr=\" target=\"_blank\" rel=\"noreferrer noopener\">Amazon<\/a><\/div>\n<\/div>\n<\/div>\n\n\n\n<div class=\"wp-block-column is-layout-flow wp-block-column-is-layout-flow\">\n<p class=\"has-text-align-center has-medium-font-size\" style=\"margin-top:var(--wp--preset--spacing--30);margin-right:var(--wp--preset--spacing--30);margin-bottom:var(--wp--preset--spacing--30);margin-left:var(--wp--preset--spacing--30)\"><strong>Ebook<\/strong> (0,99\u20ac \/ $CA 0.99)<\/p>\n\n\n\n<div class=\"wp-block-buttons is-content-justification-center is-layout-flex wp-container-core-buttons-is-layout-a89b3969 wp-block-buttons-is-layout-flex\">\n<div class=\"wp-block-button\"><a class=\"wp-block-button__link wp-element-button\" href=\"https:\/\/www.kobo.com\/de\/fr\/ebook\/desillusions-1\" target=\"_blank\" rel=\"noreferrer noopener\">Kobo<\/a><\/div>\n\n\n\n<div class=\"wp-block-button\"><a class=\"wp-block-button__link wp-element-button\" href=\"https:\/\/www.amazon.fr\/gp\/product\/B0BNNPTHTK\/ref=dbs_a_def_rwt_bibl_vppi_i1\" target=\"_blank\" rel=\"noreferrer noopener\">Amazon<\/a><\/div>\n<\/div>\n<\/div>\n<\/div>\n\n\n\n<p class=\"has-text-align-center has-medium-font-size\">Le livre broch\u00e9 est \u00e9galement en vente \u00e0 la librairie f\u00e9ministe L&rsquo;Eug\u00e9lionne, \u00e0 Montr\u00e9al (Canada, QC).<\/p>\n<\/div>\n<\/div>\n\n\n\n<div class=\"wp-block-columns is-layout-flex wp-container-core-columns-is-layout-d7d455e7 wp-block-columns-is-layout-flex\" style=\"padding-top:0;padding-right:0;padding-bottom:0;padding-left:0\">\n<div class=\"wp-block-column is-layout-flow wp-block-column-is-layout-flow\">\n<figure class=\"wp-block-image aligncenter size-large is-resized\"><img loading=\"lazy\" decoding=\"async\" src=\"https:\/\/emmaherbe.com\/wp-content\/uploads\/2023\/01\/couv-lautre-t1-image-plus-petite-1-640x1024.png\" alt=\"\" class=\"wp-image-51\" width=\"480\" height=\"768\" srcset=\"https:\/\/emmaherbe.com\/wp-content\/uploads\/2023\/01\/couv-lautre-t1-image-plus-petite-1-640x1024.png 640w, https:\/\/emmaherbe.com\/wp-content\/uploads\/2023\/01\/couv-lautre-t1-image-plus-petite-1-188x300.png 188w, https:\/\/emmaherbe.com\/wp-content\/uploads\/2023\/01\/couv-lautre-t1-image-plus-petite-1-768x1229.png 768w, https:\/\/emmaherbe.com\/wp-content\/uploads\/2023\/01\/couv-lautre-t1-image-plus-petite-1.png 800w\" sizes=\"auto, (max-width: 480px) 100vw, 480px\" \/><\/figure>\n<\/div>\n\n\n\n<div class=\"wp-block-column is-layout-flow wp-block-column-is-layout-flow\">\n<h2 class=\"has-text-align-center has-large-font-size wp-block-heading\"><em>M\u00e8re<\/em>  (L&rsquo;Autre, tome 1)<\/h2>\n\n\n\n<h2 class=\"has-text-align-center has-medium-font-size wp-block-heading\"><em>[dystopie]<\/em> FR<\/h2>\n\n\n\n<p class=\"has-medium-font-size\" style=\"margin-top:var(--wp--preset--spacing--30);margin-right:var(--wp--preset--spacing--30);margin-bottom:var(--wp--preset--spacing--30);margin-left:var(--wp--preset--spacing--30)\">Nourriture artificielle, loisirs virtualis\u00e9s et travail abrutissant rythment le quotidien des villes surpeupl\u00e9es.<\/p>\n\n\n\n<p class=\"has-medium-font-size\" style=\"margin-top:var(--wp--preset--spacing--30);margin-right:var(--wp--preset--spacing--30);margin-bottom:var(--wp--preset--spacing--30);margin-left:var(--wp--preset--spacing--30)\"><strong>La vie monotone d\u2019Anne bascule lorsque son fils, Maxime, est victime d\u2019un accident.<\/strong> Sa longue convalescence est l\u2019occasion pour eux de renouer, apr\u00e8s des ann\u00e9es d\u2019absence et de non-dits.<\/p>\n\n\n\n<p class=\"has-medium-font-size\" style=\"margin-top:var(--wp--preset--spacing--30);margin-right:var(--wp--preset--spacing--30);margin-bottom:var(--wp--preset--spacing--30);margin-left:var(--wp--preset--spacing--30)\">Mais l\u2019homme qui a renvers\u00e9 Maxime reste introuvable et la piste du r\u00e8glement de comptes est \u00e9voqu\u00e9e. Qui voudrait tuer Maxime, et pourquoi ?<\/p>\n\n\n\n<p class=\"has-medium-font-size\" style=\"margin-top:var(--wp--preset--spacing--30);margin-right:var(--wp--preset--spacing--30);margin-bottom:var(--wp--preset--spacing--30);margin-left:var(--wp--preset--spacing--30)\"><strong>A la recherche des causes de l\u2019accident, Anne est entra\u00een\u00e9e dans un monde clandestin et se trouve confront\u00e9e \u00e0 des enjeux qui la d\u00e9passent.<\/strong><\/p>\n\n\n\n<p class=\"has-medium-font-size\" style=\"margin-top:var(--wp--preset--spacing--30);margin-right:var(--wp--preset--spacing--30);margin-bottom:var(--wp--preset--spacing--30);margin-left:var(--wp--preset--spacing--30)\">Entre secrets, crimes et r\u00e9v\u00e9lations, <strong>une seule chose compte : prot\u00e9ger Maxime.<\/strong><\/p>\n\n\n\n<div class=\"wp-block-columns is-layout-flex wp-container-core-columns-is-layout-28f84493 wp-block-columns-is-layout-flex\">\n<div class=\"wp-block-column is-layout-flow wp-block-column-is-layout-flow\">\n<p class=\"has-text-align-center has-medium-font-size\" style=\"margin-top:var(--wp--preset--spacing--30);margin-right:var(--wp--preset--spacing--30);margin-bottom:var(--wp--preset--spacing--30);margin-left:var(--wp--preset--spacing--30)\"><strong>Livre broch\u00e9<\/strong> (15,99\u20ac \/ $CA 20.99)<\/p>\n\n\n\n<div class=\"wp-block-buttons is-content-justification-center is-layout-flex wp-container-core-buttons-is-layout-a89b3969 wp-block-buttons-is-layout-flex\">\n<div class=\"wp-block-button\"><a class=\"wp-block-button__link wp-element-button\" href=\"https:\/\/www.lulu.com\/shop\/emma-herb%C3%A9\/lautre\/paperback\/product-vpkey2.html?page=1&amp;pageSize=4\" target=\"_blank\" rel=\"noreferrer noopener\">Lulu<\/a><\/div>\n\n\n\n<div class=\"wp-block-button\"><a class=\"wp-block-button__link wp-element-button\" href=\"https:\/\/www.amazon.fr\/LAutre-1-M%C3%A8re-Dystopie-Anticipation\/dp\/2958188205\/ref=tmm_pap_swatch_0?_encoding=UTF8&amp;qid=&amp;sr=\" target=\"_blank\" rel=\"noreferrer noopener\">Amazon<\/a><\/div>\n<\/div>\n<\/div>\n\n\n\n<div class=\"wp-block-column is-layout-flow wp-block-column-is-layout-flow\">\n<p class=\"has-text-align-center has-medium-font-size\" style=\"margin-top:var(--wp--preset--spacing--30);margin-right:var(--wp--preset--spacing--30);margin-bottom:var(--wp--preset--spacing--30);margin-left:var(--wp--preset--spacing--30)\"><strong>Ebook<\/strong> (4,99\u20ac \/ $CA 6.99)<\/p>\n\n\n\n<div class=\"wp-block-buttons is-content-justification-center is-layout-flex wp-container-core-buttons-is-layout-a89b3969 wp-block-buttons-is-layout-flex\">\n<div class=\"wp-block-button\"><a class=\"wp-block-button__link wp-element-button\" href=\"https:\/\/www.kobo.com\/de\/fr\/ebook\/mere-11\" target=\"_blank\" rel=\"noreferrer noopener\">Kobo<\/a><\/div>\n\n\n\n<div class=\"wp-block-button\"><a class=\"wp-block-button__link wp-element-button\" href=\"https:\/\/www.amazon.fr\/LAutre-1-M%C3%A8re-Dystopie-Anticipation-ebook\/dp\/B09SY4MSX5\/ref=tmm_kin_swatch_0?_encoding=UTF8&amp;qid=&amp;sr=\" target=\"_blank\" rel=\"noreferrer noopener\">Amazon<\/a><\/div>\n<\/div>\n<\/div>\n<\/div>\n<\/div>\n<\/div>\n\n\n\n<div class=\"wp-block-columns is-layout-flex wp-container-core-columns-is-layout-28f84493 wp-block-columns-is-layout-flex\">\n<div class=\"wp-block-column is-layout-flow wp-block-column-is-layout-flow\">\n<figure class=\"wp-block-image aligncenter size-large is-resized\"><img loading=\"lazy\" decoding=\"async\" src=\"https:\/\/emmaherbe.com\/wp-content\/uploads\/2023\/03\/rebelle-couv-ebook-jpg-640x1024.jpg\" alt=\"\" class=\"wp-image-132\" width=\"480\" height=\"768\" srcset=\"https:\/\/emmaherbe.com\/wp-content\/uploads\/2023\/03\/rebelle-couv-ebook-jpg-640x1024.jpg 640w, https:\/\/emmaherbe.com\/wp-content\/uploads\/2023\/03\/rebelle-couv-ebook-jpg-188x300.jpg 188w, https:\/\/emmaherbe.com\/wp-content\/uploads\/2023\/03\/rebelle-couv-ebook-jpg-768x1229.jpg 768w, https:\/\/emmaherbe.com\/wp-content\/uploads\/2023\/03\/rebelle-couv-ebook-jpg-960x1536.jpg 960w, https:\/\/emmaherbe.com\/wp-content\/uploads\/2023\/03\/rebelle-couv-ebook-jpg-1280x2048.jpg 1280w, https:\/\/emmaherbe.com\/wp-content\/uploads\/2023\/03\/rebelle-couv-ebook-jpg.jpg 1600w\" sizes=\"auto, (max-width: 480px) 100vw, 480px\" \/><\/figure>\n<\/div>\n\n\n\n<div class=\"wp-block-column is-layout-flow wp-block-column-is-layout-flow\">\n<h2 class=\"has-text-align-center has-large-font-size wp-block-heading\">Rebelle (L&rsquo;Autre, tome 2) <\/h2>\n\n\n\n<h2 class=\"has-text-align-center has-medium-font-size wp-block-heading\"><em>[dystopie]<\/em> FR<\/h2>\n\n\n\n<p class=\"has-text-align-center has-medium-font-size\">ATTENTION, SPOILERS DU TOME 1<\/p>\n\n\n\n<p class=\"has-medium-font-size\" style=\"margin-top:var(--wp--preset--spacing--30);margin-right:var(--wp--preset--spacing--30);margin-bottom:var(--wp--preset--spacing--30);margin-left:var(--wp--preset--spacing--30)\">Poursuivie par les gardiens, <strong>Anne fuit la ville et rejoint la r\u00e9bellion,<\/strong> d\u00e9termin\u00e9e \u00e0 venger son fils Maxime et \u00e0 mettre fin au Programme.<\/p>\n\n\n\n<p class=\"has-medium-font-size\" style=\"margin-top:var(--wp--preset--spacing--30);margin-right:var(--wp--preset--spacing--30);margin-bottom:var(--wp--preset--spacing--30);margin-left:var(--wp--preset--spacing--30)\">Sans puce d\u2019identification, avec des ressources limit\u00e9es et des drones qui traquent les rebelles, <strong>la vie \u00e0 la campagne est hostile. <\/strong><\/p>\n\n\n\n<p class=\"has-medium-font-size\" style=\"margin-top:var(--wp--preset--spacing--30);margin-right:var(--wp--preset--spacing--30);margin-bottom:var(--wp--preset--spacing--30);margin-left:var(--wp--preset--spacing--30)\">Heureusement, Anne retrouve Cassandre et Malek, et rencontre Fred, une rebelle aussi chaleureuse que secr\u00e8te. Cependant, hant\u00e9e par la mort de l\u2019Autre, les <strong>doutes concernant ses capacit\u00e9s et sa l\u00e9gitimit\u00e9 en tant que rebelle la rattrapent<\/strong> et la <strong>limite entre cauchemar et r\u00e9alit\u00e9 devient de plus en plus incertaine.<\/strong><\/p>\n\n\n\n<p class=\"has-medium-font-size\" style=\"margin-top:var(--wp--preset--spacing--30);margin-right:var(--wp--preset--spacing--30);margin-bottom:var(--wp--preset--spacing--30);margin-left:var(--wp--preset--spacing--30)\">\u00c0 mesure que l\u2019illusion d\u2019une r\u00e9bellion unie et forte s\u2019\u00e9croule, d\u00e9voilant des luttes de pouvoir, Anne comprend qu<strong>\u2019elle doit se battre pour ceux qu\u2019elle aime et pour le monde qu\u2019elle souhaite cr\u00e9er.<\/strong><\/p>\n\n\n\n<p class=\"has-medium-font-size\" style=\"margin-top:var(--wp--preset--spacing--30);margin-right:var(--wp--preset--spacing--30);margin-bottom:var(--wp--preset--spacing--30);margin-left:var(--wp--preset--spacing--30)\"><strong>Et si le danger n\u2019\u00e9tait pas o\u00f9 elle le croit\u2009?<\/strong><\/p>\n\n\n\n<div class=\"wp-block-columns is-layout-flex wp-container-core-columns-is-layout-28f84493 wp-block-columns-is-layout-flex\">\n<div class=\"wp-block-column is-layout-flow wp-block-column-is-layout-flow\">\n<p class=\"has-text-align-center has-medium-font-size\" style=\"margin-top:var(--wp--preset--spacing--30);margin-right:var(--wp--preset--spacing--30);margin-bottom:var(--wp--preset--spacing--30);margin-left:var(--wp--preset--spacing--30)\"><strong>Livre broch\u00e9<\/strong> (15,99\u20ac \/ $CA 20.99)<\/p>\n\n\n\n<div class=\"wp-block-buttons is-content-justification-center is-layout-flex wp-container-core-buttons-is-layout-a89b3969 wp-block-buttons-is-layout-flex\">\n<div class=\"wp-block-button\"><a class=\"wp-block-button__link wp-element-button\" href=\"https:\/\/www.lulu.com\/shop\/emma-herb%C3%A9\/lautre\/paperback\/product-jk5je6.html?q=emma+herb%C3%A9&amp;page=1&amp;pageSize=4\" target=\"_blank\" rel=\"noreferrer noopener\">Lulu<\/a><\/div>\n\n\n\n<div class=\"wp-block-button\"><a class=\"wp-block-button__link wp-element-button\" href=\"https:\/\/www.amazon.fr\/dp\/2958188256\" target=\"_blank\" rel=\"noreferrer noopener\">Amazon<\/a><\/div>\n<\/div>\n<\/div>\n\n\n\n<div class=\"wp-block-column is-layout-flow wp-block-column-is-layout-flow\">\n<p class=\"has-text-align-center has-medium-font-size\" style=\"margin-top:var(--wp--preset--spacing--30);margin-right:var(--wp--preset--spacing--30);margin-bottom:var(--wp--preset--spacing--30);margin-left:var(--wp--preset--spacing--30)\"><strong>Ebook<\/strong> (4,99\u20ac \/ $CA 6.99)<\/p>\n\n\n\n<div class=\"wp-block-buttons is-content-justification-center is-layout-flex wp-container-core-buttons-is-layout-a89b3969 wp-block-buttons-is-layout-flex\">\n<div class=\"wp-block-button\"><a class=\"wp-block-button__link wp-element-button\" href=\"https:\/\/www.kobo.com\/de\/fr\/ebook\/rebelle-10\" target=\"_blank\" rel=\"noreferrer noopener\">Kobo<\/a><\/div>\n\n\n\n<div class=\"wp-block-button\"><a class=\"wp-block-button__link wp-element-button\" href=\"https:\/\/www.amazon.fr\/dp\/B0BYJWHGC8\" target=\"_blank\" rel=\"noreferrer noopener\">Amazon<\/a><\/div>\n<\/div>\n<\/div>\n<\/div>\n\n\n\n<div class=\"wp-block-buttons is-layout-flex wp-block-buttons-is-layout-flex\"><\/div>\n\n\n\n<figure class=\"wp-block-embed is-type-rich is-provider-spotify wp-block-embed-spotify wp-embed-aspect-21-9 wp-has-aspect-ratio\"><div class=\"wp-block-embed__wrapper\">\n<iframe title=\"Spotify Embed: Rebelle (L&amp;apos;Autre T2)\" style=\"border-radius: 12px\" width=\"100%\" height=\"352\" frameborder=\"0\" allowfullscreen allow=\"autoplay; clipboard-write; encrypted-media; fullscreen; picture-in-picture\" loading=\"lazy\" src=\"https:\/\/open.spotify.com\/embed\/playlist\/6PgU6mEEYQrqvATN6bREPD?si=9e2e4e236cb14596&#038;utm_source=oembed\"><\/iframe>\n<\/div><\/figure>\n<\/div>\n<\/div>\n\n\n\n<div class=\"wp-block-buttons is-layout-flex wp-block-buttons-is-layout-flex\"><\/div>\n","protected":false},"excerpt":{"rendered":"<p>Every Year [novella] EN Every year, a group of friends gathers to celebrate Thanksgiving. Frost covers the leaves, the smell of pumpkin pie fills the kitchen, and the friends settle in for a good time. But this year, nothing goes according to plan. While sparks fly for the lucky ones, long-standing relationships fall apart, and [&hellip;]<\/p>\n","protected":false},"author":1,"featured_media":0,"parent":0,"menu_order":0,"comment_status":"closed","ping_status":"closed","template":"","meta":{"site-sidebar-layout":"default","site-content-layout":"","ast-site-content-layout":"default","site-content-style":"default","site-sidebar-style":"default","ast-global-header-display":"","ast-banner-title-visibility":"","ast-main-header-display":"","ast-hfb-above-header-display":"","ast-hfb-below-header-display":"","ast-hfb-mobile-header-display":"","site-post-title":"","ast-breadcrumbs-content":"","ast-featured-img":"","footer-sml-layout":"","theme-transparent-header-meta":"","adv-header-id-meta":"","stick-header-meta":"","header-above-stick-meta":"","header-main-stick-meta":"","header-below-stick-meta":"","astra-migrate-meta-layouts":"default","ast-page-background-enabled":"default","ast-page-background-meta":{"desktop":{"background-color":"var(--ast-global-color-4)","background-image":"","background-repeat":"repeat","background-position":"center center","background-size":"auto","background-attachment":"scroll","background-type":"","background-media":"","overlay-type":"","overlay-color":"","overlay-opacity":"","overlay-gradient":""},"tablet":{"background-color":"","background-image":"","background-repeat":"repeat","background-position":"center center","background-size":"auto","background-attachment":"scroll","background-type":"","background-media":"","overlay-type":"","overlay-color":"","overlay-opacity":"","overlay-gradient":""},"mobile":{"background-color":"","background-image":"","background-repeat":"repeat","background-position":"center center","background-size":"auto","background-attachment":"scroll","background-type":"","background-media":"","overlay-type":"","overlay-color":"","overlay-opacity":"","overlay-gradient":""}},"ast-content-background-meta":{"desktop":{"background-color":"var(--ast-global-color-5)","background-image":"","background-repeat":"repeat","background-position":"center center","background-size":"auto","background-attachment":"scroll","background-type":"","background-media":"","overlay-type":"","overlay-color":"","overlay-opacity":"","overlay-gradient":""},"tablet":{"background-color":"var(--ast-global-color-5)","background-image":"","background-repeat":"repeat","background-position":"center center","background-size":"auto","background-attachment":"scroll","background-type":"","background-media":"","overlay-type":"","overlay-color":"","overlay-opacity":"","overlay-gradient":""},"mobile":{"background-color":"var(--ast-global-color-5)","background-image":"","background-repeat":"repeat","background-position":"center center","background-size":"auto","background-attachment":"scroll","background-type":"","background-media":"","overlay-type":"","overlay-color":"","overlay-opacity":"","overlay-gradient":""}},"footnotes":""},"class_list":["post-48","page","type-page","status-publish","hentry"],"_links":{"self":[{"href":"https:\/\/emmaherbe.com\/index.php\/wp-json\/wp\/v2\/pages\/48","targetHints":{"allow":["GET"]}}],"collection":[{"href":"https:\/\/emmaherbe.com\/index.php\/wp-json\/wp\/v2\/pages"}],"about":[{"href":"https:\/\/emmaherbe.com\/index.php\/wp-json\/wp\/v2\/types\/page"}],"author":[{"embeddable":true,"href":"https:\/\/emmaherbe.com\/index.php\/wp-json\/wp\/v2\/users\/1"}],"replies":[{"embeddable":true,"href":"https:\/\/emmaherbe.com\/index.php\/wp-json\/wp\/v2\/comments?post=48"}],"version-history":[{"count":60,"href":"https:\/\/emmaherbe.com\/index.php\/wp-json\/wp\/v2\/pages\/48\/revisions"}],"predecessor-version":[{"id":357,"href":"https:\/\/emmaherbe.com\/index.php\/wp-json\/wp\/v2\/pages\/48\/revisions\/357"}],"wp:attachment":[{"href":"https:\/\/emmaherbe.com\/index.php\/wp-json\/wp\/v2\/media?parent=48"}],"curies":[{"name":"wp","href":"https:\/\/api.w.org\/{rel}","templated":true}]}}